{"id":78026,"date":"2026-03-18T10:13:24","date_gmt":"2026-03-18T10:13:24","guid":{"rendered":"https:\/\/www.laplage-argeles.fr\/mobilheim-tahiti\/"},"modified":"2026-04-10T13:05:30","modified_gmt":"2026-04-10T13:05:30","slug":"mobilheim-tahiti","status":"publish","type":"page","link":"https:\/\/www.laplage-argeles.fr\/de\/die-mobilheime\/mobilheim-tahiti\/","title":{"rendered":"Mobilheim Tahiti"},"content":{"rendered":"","protected":false},"excerpt":{"rendered":"","protected":false},"author":1,"featured_media":78619,"parent":78230,"menu_order":0,"comment_status":"closed","ping_status":"closed","template":"","meta":{"_acf_changed":false,"inline_featured_image":false,"footnotes":""},"class_list":["post-78026","page","type-page","status-publish","has-post-thumbnail","hentry"],"acf":[],"yoast_head":"<!-- This site is optimized with the Yoast SEO plugin v27.4 - https:\/\/yoast.com\/product\/yoast-seo-wordpress\/ -->\n<title>G\u00fcnstiges Mobilheim f\u00fcr 4 Personen in Argel\u00e8s-sur-Mer \u2013 La Plage Argel\u00e8s<\/title>\n<meta name=\"description\" content=\"Buchen Sie Ihre Mobilheim-Miete Tahiti in Argel\u00e8s-sur-Mer auf dem Campingplatz La Plage: Komfort, Entspannung und Sonne nur einen Katzensprung vom Mittelmeer entfernt.\" \/>\n<meta name=\"robots\" content=\"index, follow, max-snippet:-1, max-image-preview:large, max-video-preview:-1\" \/>\n<link rel=\"canonical\" href=\"https:\/\/www.laplage-argeles.fr\/de\/die-mobilheime\/mobilheim-tahiti\/\" \/>\n<meta property=\"og:locale\" content=\"de_DE\" \/>\n<meta property=\"og:type\" content=\"article\" \/>\n<meta property=\"og:title\" content=\"G\u00fcnstiges Mobilheim f\u00fcr 4 Personen in Argel\u00e8s-sur-Mer \u2013 La Plage Argel\u00e8s\" \/>\n<meta property=\"og:description\" content=\"Buchen Sie Ihre Mobilheim-Miete Tahiti in Argel\u00e8s-sur-Mer auf dem Campingplatz La Plage: Komfort, Entspannung und Sonne nur einen Katzensprung vom Mittelmeer entfernt.\" \/>\n<meta property=\"og:url\" content=\"https:\/\/www.laplage-argeles.fr\/de\/die-mobilheime\/mobilheim-tahiti\/\" \/>\n<meta property=\"og:site_name\" content=\"Camping la Plage \u00e0 Argeles\" \/>\n<meta property=\"article:modified_time\" content=\"2026-04-10T13:05:30+00:00\" \/>\n<meta property=\"og:image\" content=\"https:\/\/www.laplage-argeles.fr\/wp-content\/uploads\/2026\/03\/mobil-home-tahiti.jpg\" \/>\n\t<meta property=\"og:image:width\" content=\"730\" \/>\n\t<meta property=\"og:image:height\" content=\"525\" \/>\n\t<meta property=\"og:image:type\" content=\"image\/jpeg\" \/>\n<meta name=\"twitter:card\" content=\"summary_large_image\" \/>\n<script type=\"application\/ld+json\" class=\"yoast-schema-graph\">{\"@context\":\"https:\\\/\\\/schema.org\",\"@graph\":[{\"@type\":\"WebPage\",\"@id\":\"https:\\\/\\\/www.laplage-argeles.fr\\\/de\\\/die-mobilheime\\\/mobilheim-tahiti\\\/\",\"url\":\"https:\\\/\\\/www.laplage-argeles.fr\\\/de\\\/die-mobilheime\\\/mobilheim-tahiti\\\/\",\"name\":\"G\u00fcnstiges Mobilheim f\u00fcr 4 Personen in Argel\u00e8s-sur-Mer \u2013 La Plage Argel\u00e8s\",\"isPartOf\":{\"@id\":\"https:\\\/\\\/www.laplage-argeles.fr\\\/de\\\/#website\"},\"primaryImageOfPage\":{\"@id\":\"https:\\\/\\\/www.laplage-argeles.fr\\\/de\\\/die-mobilheime\\\/mobilheim-tahiti\\\/#primaryimage\"},\"image\":{\"@id\":\"https:\\\/\\\/www.laplage-argeles.fr\\\/de\\\/die-mobilheime\\\/mobilheim-tahiti\\\/#primaryimage\"},\"thumbnailUrl\":\"https:\\\/\\\/www.laplage-argeles.fr\\\/wp-content\\\/uploads\\\/2026\\\/03\\\/mobil-home-tahiti.jpg\",\"datePublished\":\"2026-03-18T10:13:24+00:00\",\"dateModified\":\"2026-04-10T13:05:30+00:00\",\"description\":\"Buchen Sie Ihre Mobilheim-Miete Tahiti in Argel\u00e8s-sur-Mer auf dem Campingplatz La Plage: Komfort, Entspannung und Sonne nur einen Katzensprung vom Mittelmeer entfernt.\",\"breadcrumb\":{\"@id\":\"https:\\\/\\\/www.laplage-argeles.fr\\\/de\\\/die-mobilheime\\\/mobilheim-tahiti\\\/#breadcrumb\"},\"inLanguage\":\"de\",\"potentialAction\":[{\"@type\":\"ReadAction\",\"target\":[\"https:\\\/\\\/www.laplage-argeles.fr\\\/de\\\/die-mobilheime\\\/mobilheim-tahiti\\\/\"]}]},{\"@type\":\"ImageObject\",\"inLanguage\":\"de\",\"@id\":\"https:\\\/\\\/www.laplage-argeles.fr\\\/de\\\/die-mobilheime\\\/mobilheim-tahiti\\\/#primaryimage\",\"url\":\"https:\\\/\\\/www.laplage-argeles.fr\\\/wp-content\\\/uploads\\\/2026\\\/03\\\/mobil-home-tahiti.jpg\",\"contentUrl\":\"https:\\\/\\\/www.laplage-argeles.fr\\\/wp-content\\\/uploads\\\/2026\\\/03\\\/mobil-home-tahiti.jpg\",\"width\":730,\"height\":525,\"caption\":\"Mobilheim Tahiti\"},{\"@type\":\"BreadcrumbList\",\"@id\":\"https:\\\/\\\/www.laplage-argeles.fr\\\/de\\\/die-mobilheime\\\/mobilheim-tahiti\\\/#breadcrumb\",\"itemListElement\":[{\"@type\":\"ListItem\",\"position\":1,\"name\":\"Camping Plage Argel\u00e8s sur Mer\",\"item\":\"https:\\\/\\\/www.laplage-argeles.fr\\\/de\\\/\"},{\"@type\":\"ListItem\",\"position\":2,\"name\":\"Mobilheimvermietung Argel\u00e8s-sur-Mer\",\"item\":\"https:\\\/\\\/www.laplage-argeles.fr\\\/de\\\/die-mobilheime\\\/\"},{\"@type\":\"ListItem\",\"position\":3,\"name\":\"Mobilheim Tahiti\"}]},{\"@type\":\"WebSite\",\"@id\":\"https:\\\/\\\/www.laplage-argeles.fr\\\/de\\\/#website\",\"url\":\"https:\\\/\\\/www.laplage-argeles.fr\\\/de\\\/\",\"name\":\"Camping la Plage \u00e0 Argeles\",\"description\":\"\",\"potentialAction\":[{\"@type\":\"SearchAction\",\"target\":{\"@type\":\"EntryPoint\",\"urlTemplate\":\"https:\\\/\\\/www.laplage-argeles.fr\\\/de\\\/?s={search_term_string}\"},\"query-input\":{\"@type\":\"PropertyValueSpecification\",\"valueRequired\":true,\"valueName\":\"search_term_string\"}}],\"inLanguage\":\"de\"}]}<\/script>\n<!-- \/ Yoast SEO plugin. -->","yoast_head_json":{"title":"G\u00fcnstiges Mobilheim f\u00fcr 4 Personen in Argel\u00e8s-sur-Mer \u2013 La Plage Argel\u00e8s","description":"Buchen Sie Ihre Mobilheim-Miete Tahiti in Argel\u00e8s-sur-Mer auf dem Campingplatz La Plage: Komfort, Entspannung und Sonne nur einen Katzensprung vom Mittelmeer entfernt.","robots":{"index":"index","follow":"follow","max-snippet":"max-snippet:-1","max-image-preview":"max-image-preview:large","max-video-preview":"max-video-preview:-1"},"canonical":"https:\/\/www.laplage-argeles.fr\/de\/die-mobilheime\/mobilheim-tahiti\/","og_locale":"de_DE","og_type":"article","og_title":"G\u00fcnstiges Mobilheim f\u00fcr 4 Personen in Argel\u00e8s-sur-Mer \u2013 La Plage Argel\u00e8s","og_description":"Buchen Sie Ihre Mobilheim-Miete Tahiti in Argel\u00e8s-sur-Mer auf dem Campingplatz La Plage: Komfort, Entspannung und Sonne nur einen Katzensprung vom Mittelmeer entfernt.","og_url":"https:\/\/www.laplage-argeles.fr\/de\/die-mobilheime\/mobilheim-tahiti\/","og_site_name":"Camping la Plage \u00e0 Argeles","article_modified_time":"2026-04-10T13:05:30+00:00","og_image":[{"width":730,"height":525,"url":"https:\/\/www.laplage-argeles.fr\/wp-content\/uploads\/2026\/03\/mobil-home-tahiti.jpg","type":"image\/jpeg"}],"twitter_card":"summary_large_image","schema":{"@context":"https:\/\/schema.org","@graph":[{"@type":"WebPage","@id":"https:\/\/www.laplage-argeles.fr\/de\/die-mobilheime\/mobilheim-tahiti\/","url":"https:\/\/www.laplage-argeles.fr\/de\/die-mobilheime\/mobilheim-tahiti\/","name":"G\u00fcnstiges Mobilheim f\u00fcr 4 Personen in Argel\u00e8s-sur-Mer \u2013 La Plage Argel\u00e8s","isPartOf":{"@id":"https:\/\/www.laplage-argeles.fr\/de\/#website"},"primaryImageOfPage":{"@id":"https:\/\/www.laplage-argeles.fr\/de\/die-mobilheime\/mobilheim-tahiti\/#primaryimage"},"image":{"@id":"https:\/\/www.laplage-argeles.fr\/de\/die-mobilheime\/mobilheim-tahiti\/#primaryimage"},"thumbnailUrl":"https:\/\/www.laplage-argeles.fr\/wp-content\/uploads\/2026\/03\/mobil-home-tahiti.jpg","datePublished":"2026-03-18T10:13:24+00:00","dateModified":"2026-04-10T13:05:30+00:00","description":"Buchen Sie Ihre Mobilheim-Miete Tahiti in Argel\u00e8s-sur-Mer auf dem Campingplatz La Plage: Komfort, Entspannung und Sonne nur einen Katzensprung vom Mittelmeer entfernt.","breadcrumb":{"@id":"https:\/\/www.laplage-argeles.fr\/de\/die-mobilheime\/mobilheim-tahiti\/#breadcrumb"},"inLanguage":"de","potentialAction":[{"@type":"ReadAction","target":["https:\/\/www.laplage-argeles.fr\/de\/die-mobilheime\/mobilheim-tahiti\/"]}]},{"@type":"ImageObject","inLanguage":"de","@id":"https:\/\/www.laplage-argeles.fr\/de\/die-mobilheime\/mobilheim-tahiti\/#primaryimage","url":"https:\/\/www.laplage-argeles.fr\/wp-content\/uploads\/2026\/03\/mobil-home-tahiti.jpg","contentUrl":"https:\/\/www.laplage-argeles.fr\/wp-content\/uploads\/2026\/03\/mobil-home-tahiti.jpg","width":730,"height":525,"caption":"Mobilheim Tahiti"},{"@type":"BreadcrumbList","@id":"https:\/\/www.laplage-argeles.fr\/de\/die-mobilheime\/mobilheim-tahiti\/#breadcrumb","itemListElement":[{"@type":"ListItem","position":1,"name":"Camping Plage Argel\u00e8s sur Mer","item":"https:\/\/www.laplage-argeles.fr\/de\/"},{"@type":"ListItem","position":2,"name":"Mobilheimvermietung Argel\u00e8s-sur-Mer","item":"https:\/\/www.laplage-argeles.fr\/de\/die-mobilheime\/"},{"@type":"ListItem","position":3,"name":"Mobilheim Tahiti"}]},{"@type":"WebSite","@id":"https:\/\/www.laplage-argeles.fr\/de\/#website","url":"https:\/\/www.laplage-argeles.fr\/de\/","name":"Camping la Plage \u00e0 Argeles","description":"","potentialAction":[{"@type":"SearchAction","target":{"@type":"EntryPoint","urlTemplate":"https:\/\/www.laplage-argeles.fr\/de\/?s={search_term_string}"},"query-input":{"@type":"PropertyValueSpecification","valueRequired":true,"valueName":"search_term_string"}}],"inLanguage":"de"}]}},"_links":{"self":[{"href":"https:\/\/www.laplage-argeles.fr\/de\/wp-json\/wp\/v2\/pages\/78026","targetHints":{"allow":["GET"]}}],"collection":[{"href":"https:\/\/www.laplage-argeles.fr\/de\/wp-json\/wp\/v2\/pages"}],"about":[{"href":"https:\/\/www.laplage-argeles.fr\/de\/wp-json\/wp\/v2\/types\/page"}],"author":[{"embeddable":true,"href":"https:\/\/www.laplage-argeles.fr\/de\/wp-json\/wp\/v2\/users\/1"}],"replies":[{"embeddable":true,"href":"https:\/\/www.laplage-argeles.fr\/de\/wp-json\/wp\/v2\/comments?post=78026"}],"version-history":[{"count":1,"href":"https:\/\/www.laplage-argeles.fr\/de\/wp-json\/wp\/v2\/pages\/78026\/revisions"}],"predecessor-version":[{"id":78232,"href":"https:\/\/www.laplage-argeles.fr\/de\/wp-json\/wp\/v2\/pages\/78026\/revisions\/78232"}],"up":[{"embeddable":true,"href":"https:\/\/www.laplage-argeles.fr\/de\/wp-json\/wp\/v2\/pages\/78230"}],"wp:featuredmedia":[{"embeddable":true,"href":"https:\/\/www.laplage-argeles.fr\/de\/wp-json\/wp\/v2\/media\/78619"}],"wp:attachment":[{"href":"https:\/\/www.laplage-argeles.fr\/de\/wp-json\/wp\/v2\/media?parent=78026"}],"curies":[{"name":"wp","href":"https:\/\/api.w.org\/{rel}","templated":true}]}}