{"id":77979,"date":"2026-03-18T10:15:49","date_gmt":"2026-03-18T10:15:49","guid":{"rendered":"https:\/\/www.laplage-argeles.fr\/moorea-mobile-home\/"},"modified":"2026-04-10T13:04:18","modified_gmt":"2026-04-10T13:04:18","slug":"moorea-mobile-home","status":"publish","type":"page","link":"https:\/\/www.laplage-argeles.fr\/en\/mobile-homes\/moorea-mobile-home\/","title":{"rendered":"Moorea mobile home"},"content":{"rendered":"","protected":false},"excerpt":{"rendered":"","protected":false},"author":1,"featured_media":78695,"parent":78214,"menu_order":0,"comment_status":"closed","ping_status":"closed","template":"","meta":{"_acf_changed":false,"inline_featured_image":false,"footnotes":""},"class_list":["post-77979","page","type-page","status-publish","has-post-thumbnail","hentry"],"acf":[],"yoast_head":"<!-- This site is optimized with the Yoast SEO plugin v27.4 - https:\/\/yoast.com\/product\/yoast-seo-wordpress\/ -->\n<title>4-person mobile home, Argel\u00e8s sur Mer campsite - La Plage Argel\u00e8s<\/title>\n<meta name=\"description\" content=\"Book your Moorea mobile home rental in Argel\u00e8s-sur-Mer at La Plage campsite: comfort, relaxation, and sunshine just a stone&#039;s throw from the Mediterranean.\" \/>\n<meta name=\"robots\" content=\"index, follow, max-snippet:-1, max-image-preview:large, max-video-preview:-1\" \/>\n<link rel=\"canonical\" href=\"https:\/\/www.laplage-argeles.fr\/en\/mobile-homes\/moorea-mobile-home\/\" \/>\n<meta property=\"og:locale\" content=\"en_US\" \/>\n<meta property=\"og:type\" content=\"article\" \/>\n<meta property=\"og:title\" content=\"4-person mobile home, Argel\u00e8s sur Mer campsite - La Plage Argel\u00e8s\" \/>\n<meta property=\"og:description\" content=\"Book your Moorea mobile home rental in Argel\u00e8s-sur-Mer at La Plage campsite: comfort, relaxation, and sunshine just a stone&#039;s throw from the Mediterranean.\" \/>\n<meta property=\"og:url\" content=\"https:\/\/www.laplage-argeles.fr\/en\/mobile-homes\/moorea-mobile-home\/\" \/>\n<meta property=\"og:site_name\" content=\"Camping la Plage \u00e0 Argeles\" \/>\n<meta property=\"article:modified_time\" content=\"2026-04-10T13:04:18+00:00\" \/>\n<meta property=\"og:image\" content=\"https:\/\/www.laplage-argeles.fr\/wp-content\/uploads\/2026\/03\/moorea.jpg\" \/>\n\t<meta property=\"og:image:width\" content=\"730\" \/>\n\t<meta property=\"og:image:height\" content=\"525\" \/>\n\t<meta property=\"og:image:type\" content=\"image\/jpeg\" \/>\n<meta name=\"twitter:card\" content=\"summary_large_image\" \/>\n<script type=\"application\/ld+json\" class=\"yoast-schema-graph\">{\"@context\":\"https:\\\/\\\/schema.org\",\"@graph\":[{\"@type\":\"WebPage\",\"@id\":\"https:\\\/\\\/www.laplage-argeles.fr\\\/en\\\/mobile-homes\\\/moorea-mobile-home\\\/\",\"url\":\"https:\\\/\\\/www.laplage-argeles.fr\\\/en\\\/mobile-homes\\\/moorea-mobile-home\\\/\",\"name\":\"4-person mobile home, Argel\u00e8s sur Mer campsite - La Plage Argel\u00e8s\",\"isPartOf\":{\"@id\":\"https:\\\/\\\/www.laplage-argeles.fr\\\/en\\\/#website\"},\"primaryImageOfPage\":{\"@id\":\"https:\\\/\\\/www.laplage-argeles.fr\\\/en\\\/mobile-homes\\\/moorea-mobile-home\\\/#primaryimage\"},\"image\":{\"@id\":\"https:\\\/\\\/www.laplage-argeles.fr\\\/en\\\/mobile-homes\\\/moorea-mobile-home\\\/#primaryimage\"},\"thumbnailUrl\":\"https:\\\/\\\/www.laplage-argeles.fr\\\/wp-content\\\/uploads\\\/2026\\\/03\\\/moorea.jpg\",\"datePublished\":\"2026-03-18T10:15:49+00:00\",\"dateModified\":\"2026-04-10T13:04:18+00:00\",\"description\":\"Book your Moorea mobile home rental in Argel\u00e8s-sur-Mer at La Plage campsite: comfort, relaxation, and sunshine just a stone's throw from the Mediterranean.\",\"breadcrumb\":{\"@id\":\"https:\\\/\\\/www.laplage-argeles.fr\\\/en\\\/mobile-homes\\\/moorea-mobile-home\\\/#breadcrumb\"},\"inLanguage\":\"en-US\",\"potentialAction\":[{\"@type\":\"ReadAction\",\"target\":[\"https:\\\/\\\/www.laplage-argeles.fr\\\/en\\\/mobile-homes\\\/moorea-mobile-home\\\/\"]}]},{\"@type\":\"ImageObject\",\"inLanguage\":\"en-US\",\"@id\":\"https:\\\/\\\/www.laplage-argeles.fr\\\/en\\\/mobile-homes\\\/moorea-mobile-home\\\/#primaryimage\",\"url\":\"https:\\\/\\\/www.laplage-argeles.fr\\\/wp-content\\\/uploads\\\/2026\\\/03\\\/moorea.jpg\",\"contentUrl\":\"https:\\\/\\\/www.laplage-argeles.fr\\\/wp-content\\\/uploads\\\/2026\\\/03\\\/moorea.jpg\",\"width\":730,\"height\":525,\"caption\":\"Moorea\"},{\"@type\":\"BreadcrumbList\",\"@id\":\"https:\\\/\\\/www.laplage-argeles.fr\\\/en\\\/mobile-homes\\\/moorea-mobile-home\\\/#breadcrumb\",\"itemListElement\":[{\"@type\":\"ListItem\",\"position\":1,\"name\":\"Argel\u00e8s sur Mer Beach Campsite\",\"item\":\"https:\\\/\\\/www.laplage-argeles.fr\\\/en\\\/\"},{\"@type\":\"ListItem\",\"position\":2,\"name\":\"Mobile Home Rental Argeles sur Mer\",\"item\":\"https:\\\/\\\/www.laplage-argeles.fr\\\/en\\\/mobile-homes\\\/\"},{\"@type\":\"ListItem\",\"position\":3,\"name\":\"Moorea mobile home\"}]},{\"@type\":\"WebSite\",\"@id\":\"https:\\\/\\\/www.laplage-argeles.fr\\\/en\\\/#website\",\"url\":\"https:\\\/\\\/www.laplage-argeles.fr\\\/en\\\/\",\"name\":\"Camping la Plage \u00e0 Argeles\",\"description\":\"\",\"potentialAction\":[{\"@type\":\"SearchAction\",\"target\":{\"@type\":\"EntryPoint\",\"urlTemplate\":\"https:\\\/\\\/www.laplage-argeles.fr\\\/en\\\/?s={search_term_string}\"},\"query-input\":{\"@type\":\"PropertyValueSpecification\",\"valueRequired\":true,\"valueName\":\"search_term_string\"}}],\"inLanguage\":\"en-US\"}]}<\/script>\n<!-- \/ Yoast SEO plugin. -->","yoast_head_json":{"title":"4-person mobile home, Argel\u00e8s sur Mer campsite - La Plage Argel\u00e8s","description":"Book your Moorea mobile home rental in Argel\u00e8s-sur-Mer at La Plage campsite: comfort, relaxation, and sunshine just a stone's throw from the Mediterranean.","robots":{"index":"index","follow":"follow","max-snippet":"max-snippet:-1","max-image-preview":"max-image-preview:large","max-video-preview":"max-video-preview:-1"},"canonical":"https:\/\/www.laplage-argeles.fr\/en\/mobile-homes\/moorea-mobile-home\/","og_locale":"en_US","og_type":"article","og_title":"4-person mobile home, Argel\u00e8s sur Mer campsite - La Plage Argel\u00e8s","og_description":"Book your Moorea mobile home rental in Argel\u00e8s-sur-Mer at La Plage campsite: comfort, relaxation, and sunshine just a stone's throw from the Mediterranean.","og_url":"https:\/\/www.laplage-argeles.fr\/en\/mobile-homes\/moorea-mobile-home\/","og_site_name":"Camping la Plage \u00e0 Argeles","article_modified_time":"2026-04-10T13:04:18+00:00","og_image":[{"width":730,"height":525,"url":"https:\/\/www.laplage-argeles.fr\/wp-content\/uploads\/2026\/03\/moorea.jpg","type":"image\/jpeg"}],"twitter_card":"summary_large_image","schema":{"@context":"https:\/\/schema.org","@graph":[{"@type":"WebPage","@id":"https:\/\/www.laplage-argeles.fr\/en\/mobile-homes\/moorea-mobile-home\/","url":"https:\/\/www.laplage-argeles.fr\/en\/mobile-homes\/moorea-mobile-home\/","name":"4-person mobile home, Argel\u00e8s sur Mer campsite - La Plage Argel\u00e8s","isPartOf":{"@id":"https:\/\/www.laplage-argeles.fr\/en\/#website"},"primaryImageOfPage":{"@id":"https:\/\/www.laplage-argeles.fr\/en\/mobile-homes\/moorea-mobile-home\/#primaryimage"},"image":{"@id":"https:\/\/www.laplage-argeles.fr\/en\/mobile-homes\/moorea-mobile-home\/#primaryimage"},"thumbnailUrl":"https:\/\/www.laplage-argeles.fr\/wp-content\/uploads\/2026\/03\/moorea.jpg","datePublished":"2026-03-18T10:15:49+00:00","dateModified":"2026-04-10T13:04:18+00:00","description":"Book your Moorea mobile home rental in Argel\u00e8s-sur-Mer at La Plage campsite: comfort, relaxation, and sunshine just a stone's throw from the Mediterranean.","breadcrumb":{"@id":"https:\/\/www.laplage-argeles.fr\/en\/mobile-homes\/moorea-mobile-home\/#breadcrumb"},"inLanguage":"en-US","potentialAction":[{"@type":"ReadAction","target":["https:\/\/www.laplage-argeles.fr\/en\/mobile-homes\/moorea-mobile-home\/"]}]},{"@type":"ImageObject","inLanguage":"en-US","@id":"https:\/\/www.laplage-argeles.fr\/en\/mobile-homes\/moorea-mobile-home\/#primaryimage","url":"https:\/\/www.laplage-argeles.fr\/wp-content\/uploads\/2026\/03\/moorea.jpg","contentUrl":"https:\/\/www.laplage-argeles.fr\/wp-content\/uploads\/2026\/03\/moorea.jpg","width":730,"height":525,"caption":"Moorea"},{"@type":"BreadcrumbList","@id":"https:\/\/www.laplage-argeles.fr\/en\/mobile-homes\/moorea-mobile-home\/#breadcrumb","itemListElement":[{"@type":"ListItem","position":1,"name":"Argel\u00e8s sur Mer Beach Campsite","item":"https:\/\/www.laplage-argeles.fr\/en\/"},{"@type":"ListItem","position":2,"name":"Mobile Home Rental Argeles sur Mer","item":"https:\/\/www.laplage-argeles.fr\/en\/mobile-homes\/"},{"@type":"ListItem","position":3,"name":"Moorea mobile home"}]},{"@type":"WebSite","@id":"https:\/\/www.laplage-argeles.fr\/en\/#website","url":"https:\/\/www.laplage-argeles.fr\/en\/","name":"Camping la Plage \u00e0 Argeles","description":"","potentialAction":[{"@type":"SearchAction","target":{"@type":"EntryPoint","urlTemplate":"https:\/\/www.laplage-argeles.fr\/en\/?s={search_term_string}"},"query-input":{"@type":"PropertyValueSpecification","valueRequired":true,"valueName":"search_term_string"}}],"inLanguage":"en-US"}]}},"_links":{"self":[{"href":"https:\/\/www.laplage-argeles.fr\/en\/wp-json\/wp\/v2\/pages\/77979","targetHints":{"allow":["GET"]}}],"collection":[{"href":"https:\/\/www.laplage-argeles.fr\/en\/wp-json\/wp\/v2\/pages"}],"about":[{"href":"https:\/\/www.laplage-argeles.fr\/en\/wp-json\/wp\/v2\/types\/page"}],"author":[{"embeddable":true,"href":"https:\/\/www.laplage-argeles.fr\/en\/wp-json\/wp\/v2\/users\/1"}],"replies":[{"embeddable":true,"href":"https:\/\/www.laplage-argeles.fr\/en\/wp-json\/wp\/v2\/comments?post=77979"}],"version-history":[{"count":1,"href":"https:\/\/www.laplage-argeles.fr\/en\/wp-json\/wp\/v2\/pages\/77979\/revisions"}],"predecessor-version":[{"id":78220,"href":"https:\/\/www.laplage-argeles.fr\/en\/wp-json\/wp\/v2\/pages\/77979\/revisions\/78220"}],"up":[{"embeddable":true,"href":"https:\/\/www.laplage-argeles.fr\/en\/wp-json\/wp\/v2\/pages\/78214"}],"wp:featuredmedia":[{"embeddable":true,"href":"https:\/\/www.laplage-argeles.fr\/en\/wp-json\/wp\/v2\/media\/78695"}],"wp:attachment":[{"href":"https:\/\/www.laplage-argeles.fr\/en\/wp-json\/wp\/v2\/media?parent=77979"}],"curies":[{"name":"wp","href":"https:\/\/api.w.org\/{rel}","templated":true}]}}