{"id":77880,"date":"2026-03-17T12:06:55","date_gmt":"2026-03-17T12:06:55","guid":{"rendered":"https:\/\/www.laplage-argeles.fr\/los-servicios\/"},"modified":"2026-04-23T06:33:44","modified_gmt":"2026-04-23T06:33:44","slug":"los-servicios","status":"publish","type":"page","link":"https:\/\/www.laplage-argeles.fr\/es\/los-servicios\/","title":{"rendered":"Los Servicios"},"content":{"rendered":"<div class=\"et_pb_section_0 et_pb_section et_section_regular et_block_section\"><\/div>\n\n<div class=\"et_pb_section_1 et_pb_section et_section_regular et_flex_section\">\n<div class=\"et_pb_row_0 et_pb_row et_flex_row\">\n<div class=\"et_pb_column_0 et_pb_column et-last-child et_flex_column et_pb_css_mix_blend_mode_passthrough et_flex_column_24_24 et_flex_column_24_24_tablet et_flex_column_24_24_phone\">\n<div class=\"et_pb_text_0 et_pb_text et_pb_bg_layout_light et_pb_module et_flex_module\"><div class=\"et_pb_text_inner\"><span><span><a href=\"https:\/\/www.laplage-argeles.fr\/es\/\">Camping Plage Argel\u00e8s-sur-Mer<\/a><\/span><\/span>\n<\/div><\/div>\n\n<div class=\"et_pb_text_1 et_pb_text et_pb_bg_layout_light et_pb_module et_flex_module\"><div class=\"et_pb_text_inner\"><h1>Los servicios del camping La Plage <\/h1>\n<\/div><\/div>\n\n<div class=\"et_pb_text_2 et_pb_text et_pb_bg_layout_light et_pb_module et_flex_module\"><div class=\"et_pb_text_inner\"><p>En el camping La Plage en Argel\u00e8s-sur-Mer, todo est\u00e1 pensado para <strong>hacer tus vacaciones sencillas, c\u00f3modas y agradables<\/strong>. Ya sea que te alojes en una casa m\u00f3vil, en una parcela de camping o en una autocaravana, disfruta de numerosos servicios para una estancia sin preocupaciones, a solo 200 metros del mar. <\/p>\n<\/div><\/div>\n<\/div>\n<\/div>\n<\/div>\n\n<div class=\"et_pb_section_2 et_pb_section et_section_regular et_flex_section\">\n<div class=\"et_pb_row_1 et_pb_row et_flex_row\">\n<div class=\"et_pb_column_1 et_pb_column et_flex_column et_pb_css_mix_blend_mode_passthrough et_flex_column_12_24 et_flex_column_12_24_tablet et_flex_column_24_24_phone\">\n<div class=\"et_pb_text_3 et_pb_text et_pb_bg_layout_light et_pb_module et_flex_module\"><div class=\"et_pb_text_inner\" data-et-mv-hidden-phone=\"true\"><h2>El snack del camping<\/h2>\n<\/div><\/div>\n\n<div class=\"et_pb_text_4 et_pb_text et_pb_bg_layout_light et_pb_module et_flex_module read-more-container\"><div class=\"et_pb_text_inner\"><p>\u00bfTe apetece un <strong>capricho gastron\u00f3mico<\/strong> despu\u00e9s de la playa? El snack del camping te espera de <strong>mediados de junio a finales de agosto<\/strong> con una carta variada: pizzas crujientes, hamburguesas, crepes dulces, helados o patatas fritas caseras para llevar o disfrutar en el lugar. Es el sitio perfecto para compartir un <strong>momento agradable en familia<\/strong> o con amigos, en el coraz\u00f3n de un <a href=\"https:\/\/www.laplage-argeles.fr\/es\/\">camping familiar en Argel\u00e8s-sur-Mer<\/a>. \ud83d\udcdd El snack es gestionado de forma independiente. Por lo tanto, su apertura no est\u00e1 garantizada y no tiene valor contractual.    <\/p>\n<\/div><\/div>\n<\/div>\n\n<div class=\"et_pb_column_2 et_pb_column et-last-child et_flex_column et_pb_css_mix_blend_mode_passthrough et_flex_column_12_24 et_flex_column_12_24_tablet et_flex_column_24_24_phone\">\n<div class=\"et_pb_image_0 et_pb_image et_pb_module et_flex_module\"><span class=\"et_pb_image_wrap\"><img loading=\"lazy\" decoding=\"async\" src=\"https:\/\/www.laplage-argeles.fr\/wp-content\/uploads\/2026\/03\/snack-du-camping.png\" alt=\"Snack del c\u00e1mping\" title=\"Snack del c\u00e1mping\" width=\"634\" height=\"561\" srcset=\"https:\/\/www.laplage-argeles.fr\/wp-content\/uploads\/2026\/03\/snack-du-camping.png 634w, https:\/\/www.laplage-argeles.fr\/wp-content\/uploads\/2026\/03\/snack-du-camping-480x425.png 480w\" sizes=\"(min-width: 0px) and (max-width: 480px) 480px, (min-width: 481px) 634px, 100vw\" class=\"wp-image-77509\" \/><\/span><\/div>\n<\/div>\n<\/div>\n<\/div>\n\n<div class=\"et_pb_section_3 et_pb_section et_section_regular et_flex_section\">\n<div class=\"et_pb_row_2 et_pb_row et_flex_row\">\n<div class=\"et_pb_column_3 et_pb_column et-last-child et_flex_column et_pb_css_mix_blend_mode_passthrough et_flex_column_24_24 et_flex_column_24_24_tablet et_flex_column_24_24_phone\">\n<div class=\"et_pb_text_5 et_pb_text et_pb_bg_layout_light et_pb_module et_flex_module\"><div class=\"et_pb_text_inner\" data-et-mv-hidden-phone=\"true\"><h2>Aseos modernos y bien mantenidos<\/h2>\n<\/div><\/div>\n\n<div class=\"et_pb_text_6 et_pb_text et_pb_bg_layout_light et_pb_module et_flex_module read-more-container\"><div class=\"et_pb_text_inner\"><p>Porque la comodidad importa, nuestros aseos se <strong>limpian varias veces al d\u00eda<\/strong> e incluyen:<\/p>\n<ul>\n<li style=\"font-weight: 400;\" aria-level=\"1\">Duchas amplias y lavabos,<\/li>\n<li style=\"font-weight: 400;\" aria-level=\"1\">WC separados,<\/li>\n<li style=\"font-weight: 400;\" aria-level=\"1\">Zona para beb\u00e9s con cambiador,<\/li>\n<li style=\"font-weight: 400;\" aria-level=\"1\">Acceso PMR para personas con movilidad reducida.<\/li>\n<\/ul>\n<p>Todo ello, <strong>muy cerca de las parcelas<\/strong> para un acceso r\u00e1pido y pr\u00e1ctico.<\/p>\n<\/div><\/div>\n<\/div>\n<\/div>\n\n<div class=\"et_pb_row_3 et_pb_row et_flex_row\">\n<div class=\"et_pb_column_4 et_pb_column et-last-child et_flex_column et_pb_css_mix_blend_mode_passthrough et_flex_column_24_24 et_flex_column_24_24_tablet et_flex_column_24_24_phone\">\n<div class=\"et_pb_code_0 et_pb_code et_pb_module\"><div class=\"et_pb_code_inner\" data-et-mv-hidden-phone=\"true\"><script>jQuery(function ($) {\n $('.slider-for').slick({\n  slidesToShow: 1,\n  slidesToScroll: 1,\n  arrows: true,\n  fade: true,\n  asNavFor: '.slider-nav'\n});\n$('.slider-nav').slick({\n  vertical: true,\n  arrows: false,\n  slidesToShow: 3,\n  slidesToScroll: 1,\n  asNavFor: '.slider-for',\n  dots: false,\n  centerMode: false,\n  focusOnSelect: true,\n  responsive: [\n    {\n      breakpoint: 768,\n      settings: {\n        vertical: true,\n        slidesToShow: 1,\n        slidesToScroll: 3,\n        infinite: true,\n        dots: false\n      }\n    }]\n});\n});\n<\/script><\/div><\/div>\n<\/div>\n<\/div>\n<\/div>\n\n<div class=\"et_pb_section_4 et_pb_section et_section_regular et_flex_section\">\n<div class=\"et_pb_row_4 et_pb_row et_flex_row\">\n<div class=\"et_pb_column_5 et_pb_column et_flex_column et_pb_css_mix_blend_mode_passthrough et_flex_column_12_24 et_flex_column_12_24_tablet et_flex_column_24_24_phone\">\n<div class=\"et_pb_image_1 et_pb_image et_pb_module et_flex_module\"><span class=\"et_pb_image_wrap\"><img loading=\"lazy\" decoding=\"async\" src=\"https:\/\/www.laplage-argeles.fr\/wp-content\/uploads\/2026\/03\/camping-connecte-wifi.png\" alt=\"C\u00e1mping conectado wifi\" title=\"C\u00e1mping conectado wifi\" width=\"634\" height=\"561\" srcset=\"https:\/\/www.laplage-argeles.fr\/wp-content\/uploads\/2026\/03\/camping-connecte-wifi.png 634w, https:\/\/www.laplage-argeles.fr\/wp-content\/uploads\/2026\/03\/camping-connecte-wifi-480x425.png 480w\" sizes=\"(min-width: 0px) and (max-width: 480px) 480px, (min-width: 481px) 634px, 100vw\" class=\"wp-image-77506\" \/><\/span><\/div>\n<\/div>\n\n<div class=\"et_pb_column_6 et_pb_column et-last-child et_flex_column et_pb_css_mix_blend_mode_passthrough et_flex_column_12_24 et_flex_column_12_24_tablet et_flex_column_24_24_phone\">\n<div class=\"et_pb_text_7 et_pb_text et_pb_bg_layout_light et_pb_module et_flex_module\"><div class=\"et_pb_text_inner\" data-et-mv-hidden-phone=\"true\"><h2>Un camping conectado con Wifi de muy alta velocidad<\/h2>\n<\/div><\/div>\n\n<div class=\"et_pb_text_8 et_pb_text et_pb_bg_layout_light et_pb_module et_flex_module read-more-container\"><div class=\"et_pb_text_inner\"><p>\u00a1Mantente conectado incluso de vacaciones! El camping La Plage est\u00e1 <strong>completamente cubierto por Wifi de alta velocidad<\/strong> (hasta 100 Mb), disponible con suplemento. Ideal para compartir tus mejores fotos de vacaciones o planificar tus salidas por Argel\u00e8s-sur-Mer.  <\/p>\n<\/div><\/div>\n<\/div>\n<\/div>\n<\/div>\n\n<div class=\"et_pb_section_5 et_pb_section et_section_regular et_flex_section\">\n<div class=\"et_pb_row_5 et_pb_row et_flex_row\">\n<div class=\"et_pb_column_7 et_pb_column et_flex_column et_pb_css_mix_blend_mode_passthrough et_flex_column_12_24 et_flex_column_12_24_tablet et_flex_column_24_24_phone\">\n<div class=\"et_pb_text_9 et_pb_text et_pb_bg_layout_light et_pb_module et_flex_module\"><div class=\"et_pb_text_inner\" data-et-mv-hidden-phone=\"true\"><h2>\u00c1rea de servicio para autocaravanas<\/h2>\n<\/div><\/div>\n\n<div class=\"et_pb_text_10 et_pb_text et_pb_bg_layout_light et_pb_module et_flex_module read-more-container\"><div class=\"et_pb_text_inner\"><p>\u00a1Los <strong>autocaravanistas<\/strong> son bienvenidos en el camping La Plage! Hemos habilitado un <strong>\u00e1rea espec\u00edfica de mantenimiento para autocaravanas<\/strong>, situada cerca del edificio de los aseos. Vaciado, llenado y mantenimiento: todo est\u00e1 previsto para un paso sencillo y pr\u00e1ctico, en un entorno tranquilo y seguro. Es una soluci\u00f3n ideal para quienes buscan un <a href=\"https:\/\/www.laplage-argeles.fr\/es\/localizaciones\/\">\u00e1rea para autocaravanas en Argel\u00e8s-sur-Mer<\/a> dentro de un camping, en lugar de un estacionamiento improvisado.   <\/p>\n<\/div><\/div>\n<\/div>\n\n<div class=\"et_pb_column_8 et_pb_column et-last-child et_flex_column et_pb_css_mix_blend_mode_passthrough et_flex_column_12_24 et_flex_column_12_24_tablet et_flex_column_24_24_phone\">\n<div class=\"et_pb_image_2 et_pb_image et_pb_module et_flex_module\"><span class=\"et_pb_image_wrap\"><img loading=\"lazy\" decoding=\"async\" src=\"https:\/\/www.laplage-argeles.fr\/wp-content\/uploads\/2026\/03\/aire-services-camping-car.png\" alt=\"\u00c1rea de servicios para autocaravanas\" title=\"\u00c1rea de servicios para autocaravanas\" width=\"634\" height=\"561\" srcset=\"https:\/\/www.laplage-argeles.fr\/wp-content\/uploads\/2026\/03\/aire-services-camping-car.png 634w, https:\/\/www.laplage-argeles.fr\/wp-content\/uploads\/2026\/03\/aire-services-camping-car-480x425.png 480w\" sizes=\"(min-width: 0px) and (max-width: 480px) 480px, (min-width: 481px) 634px, 100vw\" class=\"wp-image-77505\" \/><\/span><\/div>\n<\/div>\n<\/div>\n<\/div>\n\n<div class=\"et_pb_section_6 et_pb_section et_section_regular et_flex_section\">\n<div class=\"et_pb_row_6 et_pb_row et_flex_row\">\n<div class=\"et_pb_column_9 et_pb_column et_flex_column et_pb_css_mix_blend_mode_passthrough et_flex_column_12_24 et_flex_column_12_24_tablet et_flex_column_24_24_phone\">\n<div class=\"et_pb_image_3 et_pb_image et_pb_module et_flex_module\"><span class=\"et_pb_image_wrap\"><img loading=\"lazy\" decoding=\"async\" src=\"https:\/\/www.laplage-argeles.fr\/wp-content\/uploads\/2026\/03\/loisirs-dentente-pour-tous.png\" alt=\"Ocio y Relax para Todos\" title=\"Ocio y Relax para Todos\" width=\"654\" height=\"606\" srcset=\"https:\/\/www.laplage-argeles.fr\/wp-content\/uploads\/2026\/03\/loisirs-dentente-pour-tous.png 654w, https:\/\/www.laplage-argeles.fr\/wp-content\/uploads\/2026\/03\/loisirs-dentente-pour-tous-480x445.png 480w\" sizes=\"(min-width: 0px) and (max-width: 480px) 480px, (min-width: 481px) 654px, 100vw\" class=\"wp-image-77507\" \/><\/span><\/div>\n<\/div>\n\n<div class=\"et_pb_column_10 et_pb_column et-last-child et_flex_column et_pb_css_mix_blend_mode_passthrough et_flex_column_12_24 et_flex_column_12_24_tablet et_flex_column_24_24_phone\">\n<div class=\"et_pb_text_11 et_pb_text et_pb_bg_layout_light et_pb_module et_flex_module\"><div class=\"et_pb_text_inner\" data-et-mv-hidden-phone=\"true\"><h2>Ocio y relax para todos<\/h2>\n<\/div><\/div>\n\n<div class=\"et_pb_text_12 et_pb_text et_pb_bg_layout_light et_pb_module et_flex_module read-more-container\"><div class=\"et_pb_text_inner\"><p>En el lugar, disfruta de <strong>variadas instalaciones<\/strong> para animar tus d\u00edas con buen humor:<\/p>\n<ul>\n<li style=\"font-weight: 400;\" aria-level=\"1\">2 pistas de petanca,<\/li>\n<li style=\"font-weight: 400;\" aria-level=\"1\">Mesas de ping-pong,<\/li>\n<li style=\"font-weight: 400;\" aria-level=\"1\">1 campo multideporte para f\u00fatbol o baloncesto,<\/li>\n<li style=\"font-weight: 400;\" aria-level=\"1\">Una zona de juegos infantil segura.<\/li>\n<\/ul>\n<p>Entre partida y partida, \u00a1directo a la <a href=\"https:\/\/www.laplage-argeles.fr\/es\/el-espacio-acuatico\/\">piscina del camping<\/a> para un momento de relax y frescor!<\/p>\n<\/div><\/div>\n<\/div>\n<\/div>\n<\/div>\n\n<div class=\"et_pb_section_7 et_pb_section et_section_regular et_flex_section\">\n<div class=\"et_pb_row_7 et_pb_row et_flex_row\">\n<div class=\"et_pb_column_11 et_pb_column et-last-child et_flex_column et_pb_css_mix_blend_mode_passthrough et_flex_column_24_24 et_flex_column_24_24_tablet et_flex_column_24_24_phone\">\n<div class=\"et_pb_image_4 et_pb_image et_pb_module et_flex_module\"><span class=\"et_pb_image_wrap\"><img loading=\"lazy\" decoding=\"async\" src=\"https:\/\/www.laplage-argeles.fr\/wp-content\/uploads\/2026\/02\/element-graphique2.png\" alt=\"Element Graphique2\" title=\"Element Graphique2\" width=\"128\" height=\"131\" srcset=\"https:\/\/www.laplage-argeles.fr\/wp-content\/uploads\/2026\/02\/element-graphique2.png 128w\" sizes=\"(max-width: 128px) 100vw, 128px\" class=\"wp-image-75067\" \/><\/span><\/div>\n<\/div>\n<\/div>\n\n<div class=\"et_pb_row_8 et_pb_row et_flex_row\">\n<div class=\"et_pb_column_12 et_pb_column et-last-child et_flex_column et_pb_css_mix_blend_mode_passthrough et_flex_column_24_24 et_flex_column_24_24_tablet et_flex_column_24_24_phone\">\n<div class=\"et_pb_text_13 et_pb_text et_pb_bg_layout_light et_pb_module et_flex_module\"><div class=\"et_pb_text_inner\" data-et-mv-hidden-phone=\"true\"><h2>Alquiler de material<\/h2>\n<\/div><\/div>\n\n<div class=\"et_pb_text_14 et_pb_text et_pb_bg_layout_light et_pb_module et_flex_module read-more-container\"><div class=\"et_pb_text_inner\"><p>\u00a1Viaja ligero, nosotros nos encargamos del resto! Reserve o pide en el lugar el <strong>material<\/strong> que necesites: <\/p>\n<ul>\n<li style=\"font-weight: 400;\" aria-level=\"1\">Plancha de gas para tus comidas al aire libre,<\/li>\n<li style=\"font-weight: 400;\" aria-level=\"1\">Kits de s\u00e1banas y toallas,<\/li>\n<li style=\"font-weight: 400;\" aria-level=\"1\">Cuna y silla para beb\u00e9,<\/li>\n<li style=\"font-weight: 400;\" aria-level=\"1\">Ventilador para una estancia con todas las comodidades.<\/li>\n<\/ul>\n<blockquote>\n<p>Ya sea que te alojes en una <a href=\"https:\/\/www.laplage-argeles.fr\/es\/los-mobil-homes\/\">casa m\u00f3vil en Argel\u00e8s-sur-Mer<\/a> o en una parcela tradicional, estos servicios facilitan tu instalaci\u00f3n y te garantizan unas <strong>vacaciones 100 % relajantes<\/strong>.<\/p>\n<\/blockquote>\n<\/div><\/div>\n\n<div class=\"et_pb_text_15 et_pb_text et_pb_bg_layout_light et_pb_module et_flex_module\"><div class=\"et_pb_text_inner\"><p><span class=\"read-more-btn\">Seguir leyendo<\/span><\/p>\n<\/div><\/div>\n<\/div>\n<\/div>\n\n<div class=\"et_pb_row_9 et_pb_row et_flex_row\">\n<div class=\"et_pb_column_13 et_pb_column et-last-child et_flex_column et_pb_css_mix_blend_mode_passthrough et_flex_column_24_24 et_flex_column_24_24_tablet et_flex_column_24_24_phone\">\n<div class=\"et_pb_code_1 et_pb_code et_pb_module\"><div class=\"et_pb_code_inner\" data-et-mv-hidden-phone=\"true\"><script>jQuery(function ($) {\n $('.slider-for').slick({\n  slidesToShow: 1,\n  slidesToScroll: 1,\n  arrows: true,\n  fade: true,\n  asNavFor: '.slider-nav'\n});\n$('.slider-nav').slick({\n  vertical: true,\n  arrows: false,\n  slidesToShow: 3,\n  slidesToScroll: 1,\n  asNavFor: '.slider-for',\n  dots: false,\n  centerMode: false,\n  focusOnSelect: true,\n  responsive: [\n    {\n      breakpoint: 768,\n      settings: {\n        vertical: true,\n        slidesToShow: 1,\n        slidesToScroll: 3,\n        infinite: true,\n        dots: false\n      }\n    }]\n});\n});\n<\/script><\/div><\/div>\n<\/div>\n<\/div>\n<\/div>\n\n<div class=\"et_pb_section_8 et_pb_section et_section_regular et_flex_section\">\n<div class=\"et_pb_row_10 et_pb_row et_flex_row\">\n<div class=\"et_pb_column_14 et_pb_column et_flex_column et_pb_css_mix_blend_mode_passthrough et_flex_column_12_24 et_flex_column_12_24_tablet et_flex_column_24_24_phone\">\n<div class=\"et_pb_image_5 et_pb_image et_pb_module et_flex_module\"><span class=\"et_pb_image_wrap\"><img loading=\"lazy\" decoding=\"async\" src=\"https:\/\/www.laplage-argeles.fr\/wp-content\/uploads\/2026\/03\/vacances-sans-stresse.png\" alt=\"Vacaciones Sin Estr\u00e9s\" title=\"Vacaciones Sin Estr\u00e9s\" width=\"634\" height=\"561\" srcset=\"https:\/\/www.laplage-argeles.fr\/wp-content\/uploads\/2026\/03\/vacances-sans-stresse.png 634w, https:\/\/www.laplage-argeles.fr\/wp-content\/uploads\/2026\/03\/vacances-sans-stresse-480x425.png 480w\" sizes=\"(min-width: 0px) and (max-width: 480px) 480px, (min-width: 481px) 634px, 100vw\" class=\"wp-image-77510\" \/><\/span><\/div>\n<\/div>\n\n<div class=\"et_pb_column_15 et_pb_column et-last-child et_flex_column et_pb_css_mix_blend_mode_passthrough et_flex_column_12_24 et_flex_column_12_24_tablet et_flex_column_24_24_phone\">\n<div class=\"et_pb_text_16 et_pb_text et_pb_bg_layout_light et_pb_module et_flex_module\"><div class=\"et_pb_text_inner\" data-et-mv-hidden-phone=\"true\"><h2>Unas vacaciones sin estr\u00e9s en el camping La Plage<\/h2>\n<\/div><\/div>\n\n<div class=\"et_pb_text_17 et_pb_text et_pb_bg_layout_light et_pb_module et_flex_module read-more-container\"><div class=\"et_pb_text_inner\"><p>Cerca del mar, del centro de la ciudad y de las actividades, el camping La Plage en Argel\u00e8s-sur-Mer es el lugar perfecto para unas <strong>vacaciones sencillas y agradables<\/strong>.<\/p>\n<p>Entre parcelas sombreadas, alquiler de casas m\u00f3viles modernas y una refrescante piscina, todo est\u00e1 listo para <strong>disfrutar plenamente del sol catal\u00e1n<\/strong> en familia o con amigos.<\/p>\n<\/div><\/div>\n<\/div>\n<\/div>\n<\/div>","protected":false},"excerpt":{"rendered":"","protected":false},"author":1,"featured_media":0,"parent":0,"menu_order":0,"comment_status":"closed","ping_status":"closed","template":"","meta":{"_acf_changed":false,"inline_featured_image":false,"footnotes":""},"class_list":["post-77880","page","type-page","status-publish","hentry"],"acf":[],"yoast_head":"<!-- This site is optimized with the Yoast SEO plugin v27.4 - https:\/\/yoast.com\/product\/yoast-seo-wordpress\/ -->\n<title>C\u00e1mping con servicios de categor\u00eda en Argel\u00e8s-sur-Mer: Todos los servicios del c\u00e1mping<\/title>\n<meta name=\"description\" content=\"Descubre todos los servicios del camping La Plage en Argel\u00e8s-sur-Mer: snack, wifi, \u00e1rea para autocaravanas, juegos, piscina y alquiler de material para tus vacaciones.\" \/>\n<meta name=\"robots\" content=\"index, follow, max-snippet:-1, max-image-preview:large, max-video-preview:-1\" \/>\n<link rel=\"canonical\" href=\"https:\/\/www.laplage-argeles.fr\/es\/los-servicios\/\" \/>\n<meta property=\"og:locale\" content=\"es_ES\" \/>\n<meta property=\"og:type\" content=\"article\" \/>\n<meta property=\"og:title\" content=\"C\u00e1mping con servicios de categor\u00eda en Argel\u00e8s-sur-Mer: Todos los servicios del c\u00e1mping\" \/>\n<meta property=\"og:description\" content=\"Descubre todos los servicios del camping La Plage en Argel\u00e8s-sur-Mer: snack, wifi, \u00e1rea para autocaravanas, juegos, piscina y alquiler de material para tus vacaciones.\" \/>\n<meta property=\"og:url\" content=\"https:\/\/www.laplage-argeles.fr\/es\/los-servicios\/\" \/>\n<meta property=\"og:site_name\" content=\"Camping la Plage \u00e0 Argeles\" \/>\n<meta property=\"article:modified_time\" content=\"2026-04-23T06:33:44+00:00\" \/>\n<meta name=\"twitter:card\" content=\"summary_large_image\" \/>\n<script type=\"application\/ld+json\" class=\"yoast-schema-graph\">{\"@context\":\"https:\\\/\\\/schema.org\",\"@graph\":[{\"@type\":\"WebPage\",\"@id\":\"https:\\\/\\\/www.laplage-argeles.fr\\\/es\\\/los-servicios\\\/\",\"url\":\"https:\\\/\\\/www.laplage-argeles.fr\\\/es\\\/los-servicios\\\/\",\"name\":\"C\u00e1mping con servicios de categor\u00eda en Argel\u00e8s-sur-Mer: Todos los servicios del c\u00e1mping\",\"isPartOf\":{\"@id\":\"https:\\\/\\\/www.laplage-argeles.fr\\\/es\\\/#website\"},\"datePublished\":\"2026-03-17T12:06:55+00:00\",\"dateModified\":\"2026-04-23T06:33:44+00:00\",\"description\":\"Descubre todos los servicios del camping La Plage en Argel\u00e8s-sur-Mer: snack, wifi, \u00e1rea para autocaravanas, juegos, piscina y alquiler de material para tus vacaciones.\",\"breadcrumb\":{\"@id\":\"https:\\\/\\\/www.laplage-argeles.fr\\\/es\\\/los-servicios\\\/#breadcrumb\"},\"inLanguage\":\"es\",\"potentialAction\":[{\"@type\":\"ReadAction\",\"target\":[\"https:\\\/\\\/www.laplage-argeles.fr\\\/es\\\/los-servicios\\\/\"]}]},{\"@type\":\"BreadcrumbList\",\"@id\":\"https:\\\/\\\/www.laplage-argeles.fr\\\/es\\\/los-servicios\\\/#breadcrumb\",\"itemListElement\":[{\"@type\":\"ListItem\",\"position\":1,\"name\":\"Camping Plage Argel\u00e8s-sur-Mer\",\"item\":\"https:\\\/\\\/www.laplage-argeles.fr\\\/es\\\/\"},{\"@type\":\"ListItem\",\"position\":2,\"name\":\"Servicios de camping\"}]},{\"@type\":\"WebSite\",\"@id\":\"https:\\\/\\\/www.laplage-argeles.fr\\\/es\\\/#website\",\"url\":\"https:\\\/\\\/www.laplage-argeles.fr\\\/es\\\/\",\"name\":\"Camping la Plage \u00e0 Argeles\",\"description\":\"\",\"potentialAction\":[{\"@type\":\"SearchAction\",\"target\":{\"@type\":\"EntryPoint\",\"urlTemplate\":\"https:\\\/\\\/www.laplage-argeles.fr\\\/es\\\/?s={search_term_string}\"},\"query-input\":{\"@type\":\"PropertyValueSpecification\",\"valueRequired\":true,\"valueName\":\"search_term_string\"}}],\"inLanguage\":\"es\"}]}<\/script>\n<!-- \/ Yoast SEO plugin. -->","yoast_head_json":{"title":"C\u00e1mping con servicios de categor\u00eda en Argel\u00e8s-sur-Mer: Todos los servicios del c\u00e1mping","description":"Descubre todos los servicios del camping La Plage en Argel\u00e8s-sur-Mer: snack, wifi, \u00e1rea para autocaravanas, juegos, piscina y alquiler de material para tus vacaciones.","robots":{"index":"index","follow":"follow","max-snippet":"max-snippet:-1","max-image-preview":"max-image-preview:large","max-video-preview":"max-video-preview:-1"},"canonical":"https:\/\/www.laplage-argeles.fr\/es\/los-servicios\/","og_locale":"es_ES","og_type":"article","og_title":"C\u00e1mping con servicios de categor\u00eda en Argel\u00e8s-sur-Mer: Todos los servicios del c\u00e1mping","og_description":"Descubre todos los servicios del camping La Plage en Argel\u00e8s-sur-Mer: snack, wifi, \u00e1rea para autocaravanas, juegos, piscina y alquiler de material para tus vacaciones.","og_url":"https:\/\/www.laplage-argeles.fr\/es\/los-servicios\/","og_site_name":"Camping la Plage \u00e0 Argeles","article_modified_time":"2026-04-23T06:33:44+00:00","twitter_card":"summary_large_image","schema":{"@context":"https:\/\/schema.org","@graph":[{"@type":"WebPage","@id":"https:\/\/www.laplage-argeles.fr\/es\/los-servicios\/","url":"https:\/\/www.laplage-argeles.fr\/es\/los-servicios\/","name":"C\u00e1mping con servicios de categor\u00eda en Argel\u00e8s-sur-Mer: Todos los servicios del c\u00e1mping","isPartOf":{"@id":"https:\/\/www.laplage-argeles.fr\/es\/#website"},"datePublished":"2026-03-17T12:06:55+00:00","dateModified":"2026-04-23T06:33:44+00:00","description":"Descubre todos los servicios del camping La Plage en Argel\u00e8s-sur-Mer: snack, wifi, \u00e1rea para autocaravanas, juegos, piscina y alquiler de material para tus vacaciones.","breadcrumb":{"@id":"https:\/\/www.laplage-argeles.fr\/es\/los-servicios\/#breadcrumb"},"inLanguage":"es","potentialAction":[{"@type":"ReadAction","target":["https:\/\/www.laplage-argeles.fr\/es\/los-servicios\/"]}]},{"@type":"BreadcrumbList","@id":"https:\/\/www.laplage-argeles.fr\/es\/los-servicios\/#breadcrumb","itemListElement":[{"@type":"ListItem","position":1,"name":"Camping Plage Argel\u00e8s-sur-Mer","item":"https:\/\/www.laplage-argeles.fr\/es\/"},{"@type":"ListItem","position":2,"name":"Servicios de camping"}]},{"@type":"WebSite","@id":"https:\/\/www.laplage-argeles.fr\/es\/#website","url":"https:\/\/www.laplage-argeles.fr\/es\/","name":"Camping la Plage \u00e0 Argeles","description":"","potentialAction":[{"@type":"SearchAction","target":{"@type":"EntryPoint","urlTemplate":"https:\/\/www.laplage-argeles.fr\/es\/?s={search_term_string}"},"query-input":{"@type":"PropertyValueSpecification","valueRequired":true,"valueName":"search_term_string"}}],"inLanguage":"es"}]}},"_links":{"self":[{"href":"https:\/\/www.laplage-argeles.fr\/es\/wp-json\/wp\/v2\/pages\/77880","targetHints":{"allow":["GET"]}}],"collection":[{"href":"https:\/\/www.laplage-argeles.fr\/es\/wp-json\/wp\/v2\/pages"}],"about":[{"href":"https:\/\/www.laplage-argeles.fr\/es\/wp-json\/wp\/v2\/types\/page"}],"author":[{"embeddable":true,"href":"https:\/\/www.laplage-argeles.fr\/es\/wp-json\/wp\/v2\/users\/1"}],"replies":[{"embeddable":true,"href":"https:\/\/www.laplage-argeles.fr\/es\/wp-json\/wp\/v2\/comments?post=77880"}],"version-history":[{"count":5,"href":"https:\/\/www.laplage-argeles.fr\/es\/wp-json\/wp\/v2\/pages\/77880\/revisions"}],"predecessor-version":[{"id":79778,"href":"https:\/\/www.laplage-argeles.fr\/es\/wp-json\/wp\/v2\/pages\/77880\/revisions\/79778"}],"wp:attachment":[{"href":"https:\/\/www.laplage-argeles.fr\/es\/wp-json\/wp\/v2\/media?parent=77880"}],"curies":[{"name":"wp","href":"https:\/\/api.w.org\/{rel}","templated":true}]}}